{"id":961,"date":"2011-10-09T21:46:47","date_gmt":"2011-10-09T19:46:47","guid":{"rendered":"http:\/\/e-le.es\/sonsoles\/?page_id=961"},"modified":"2018-04-18T18:44:51","modified_gmt":"2018-04-18T18:44:51","slug":"arte-espanol","status":"publish","type":"page","link":"https:\/\/e-le.es\/sonsoles\/arte-espanol\/","title":{"rendered":"Arte espa\u00f1ol"},"content":{"rendered":"<h5 style=\"text-align: center\"><a href=\"http:\/\/e-le.es\/sonsoles\/wp-content\/uploads\/sites\/2\/2011\/10\/Catedral-de-Burgos.jpg\"><img loading=\"lazy\" decoding=\"async\" class=\"aligncenter wp-image-1583 size-medium\" src=\"http:\/\/e-le.es\/sonsoles\/wp-content\/uploads\/sites\/2\/2011\/10\/Catedral-de-Burgos-300x288.jpg\" alt=\"Catedral de Burgos\" width=\"300\" height=\"288\" srcset=\"https:\/\/e-le.es\/sonsoles\/wp-content\/uploads\/sites\/2\/2011\/10\/Catedral-de-Burgos-300x288.jpg 300w, https:\/\/e-le.es\/sonsoles\/wp-content\/uploads\/sites\/2\/2011\/10\/Catedral-de-Burgos.jpg 800w\" sizes=\"auto, (max-width: 300px) 100vw, 300px\" \/><\/a><\/h5>\n<h6 style=\"text-align: center\">Foto: S. G\u00f3mez, <em>Catedral de Burgos<\/em><\/h6>\n<p>&nbsp;<\/p>\n<p><strong>Arte rupestre en la Prehistoria:<\/strong><a href=\"http:\/\/www.slideshare.net\/Verocar\/el-arte-en-la-prehistoria-presentation\"> Arte en la Prehistoria<\/a>,<a href=\"https:\/\/www.youtube.com\/watch?v=wtDRA5emVqo\" target=\"_blank\"> historia de Altamira<\/a>, <a href=\"http:\/\/www.slideshare.net\/gliceria\/las-cueva-de-altamira\">Cuevas de Altamira<\/a>, <a href=\"http:\/\/museodealtamira.mcu.es\/index.html\">Museo de Altamira<\/a>, Art\u00edculo <a href=\"https:\/\/elpais.com\/elpais\/2017\/03\/15\/ciencia\/1489610294_849928.html\" target=\"_blank\">\u00abLo que el primer dibujo de la humanidad dice de nosotros\u00bb.<\/a><\/p>\n<p><strong>Culturas antiguas en la Pen\u00ednsula:<\/strong> los<a href=\"http:\/\/www.slideshare.net\/nacholovich\/los-pueblos-preromanos\"> pueblos prerromanos<\/a>,<\/p>\n<p><strong>Arte romano:<\/strong>\u00a0<a href=\"https:\/\/es.slideshare.net\/mencarcar\/vocabulario-arte-romano\">vocabulario<\/a> de arte romano, la villa romana de <a href=\"https:\/\/www.youtube.com\/watch?v=s4ZkvxrpjgI\">La Olmeda<\/a>, museo de la<a href=\"http:\/\/www.diputaciondevalladolid.es\/turismo\/centrosturisticos\/8\/museo-de-las-villas-romanas\"> Villa de Almenara<\/a> y <a href=\"http:\/\/www.diputaciondevalladolid.es\/turismo\/mvr\/inicio.html\">visita virtual<\/a>, <a href=\"http:\/\/www.slideshare.net\/sergisanchiz\/art-02-g-hispania-romana\">arquitectura<\/a> en la Hispania romana, <a href=\"http:\/\/www.youtube.com\/watch?v=7fNzVJ2gR0o&amp;feature=relmfu\">vida urbana <\/a>en las ciudades hispano-romanas, <a href=\"http:\/\/www.slideshare.net\/algargos\/escultura-romana-i-bulto-redondo-presentation\">escultura<\/a> romana,\u00a0<a href=\"http:\/\/www.youtube.com\/watch?v=_bNcx_QfgZ4\"> Museo Nacional de Arte Romano<\/a> (M\u00e9rida).<\/p>\n<p><a href=\"https:\/\/libertad-amor-verdad.com\/2015\/09\/22\/elementos-principales-de-la-arquitectura-y-decoracion-romanica\/\">Glosario de arquitectura y arte<\/a>.<\/p>\n<p style=\"text-align: center\"><strong>Tipos de arcos:<\/strong><span style=\"line-height: 1.5\">\u00a0<\/span><\/p>\n<p><a href=\"http:\/\/e-le.es\/sonsoles\/wp-content\/uploads\/sites\/2\/2011\/10\/Tipos-de-Arcos.jpg\"><img loading=\"lazy\" decoding=\"async\" class=\"aligncenter wp-image-1586 size-medium\" src=\"http:\/\/e-le.es\/sonsoles\/wp-content\/uploads\/sites\/2\/2011\/10\/Tipos-de-Arcos-300x228.jpg\" alt=\"Tipos de Arcos\" width=\"300\" height=\"228\" srcset=\"https:\/\/e-le.es\/sonsoles\/wp-content\/uploads\/sites\/2\/2011\/10\/Tipos-de-Arcos-300x228.jpg 300w, https:\/\/e-le.es\/sonsoles\/wp-content\/uploads\/sites\/2\/2011\/10\/Tipos-de-Arcos.jpg 700w\" sizes=\"auto, (max-width: 300px) 100vw, 300px\" \/><\/a><\/p>\n<p><strong>Arte visigodo <\/strong>en la Pen\u00ednsula Ib\u00e9rica<em> (ver presentaci\u00f3n en LSF), <\/em><a href=\"http:\/\/www.youtube.com\/watch?v=Ns9c58qZ2Cc&amp;feature=related\">visigodos y musulmanes<\/a> en la pen\u00ednsula ib\u00e9rica<\/p>\n<p><strong>Arte prerrom\u00e1nico espa\u00f1ol<\/strong>: el <span style=\"text-decoration: underline\"><a href=\"http:\/\/nopuedonodebo.wordpress.com\/page\/2\/\">Asturiano<\/a><\/span> y el<span style=\"text-decoration: underline\"><a href=\"http:\/\/nopuedonodebo.wordpress.com\/page\/2\/\">Moz\u00e1rabe<\/a> <\/span><em>(ver presentaciones en LSF)<\/em>. Presentaci\u00f3n del <a href=\"http:\/\/www.slideshare.net\/ElenaLB\/arte-mozarabe-presentation\">arte moz\u00e1rabe<\/a>.\u00a0 El <a href=\"http:\/\/www.elprerromanicoasturiano.com\/#\">prerrom\u00e1nico asturiano<\/a>, <a href=\"http:\/\/www.youtube.com\/watch?v=-k_rFM6YXbQ\">Santa Mar\u00eda del Naranco<\/a>, \u00a0el <a href=\"http:\/\/www.youtube.com\/watch?v=FoBeSHAM0s0\">reino astur<\/a>, Patrimonio de la Humanidad: \u00a0<a href=\"http:\/\/www.jdiezarnal.com\/santamariadelnaranco.html\">Santa Mar\u00eda del Naranco<\/a>,\u00a0<a href=\"http:\/\/es.wikipedia.org\/wiki\/San_Miguel_de_Lillo\">San Miguel de Lillo<\/a> y<a href=\"http:\/\/es.wikipedia.org\/wiki\/Santa_Cristina_de_Lena\"> Santa Cristina de Lena<\/a>,\u00a0<a href=\"http:\/\/es.wikipedia.org\/wiki\/San_Juli%C3%A1n_de_los_Prados\">San Juli\u00e1n de los Prados<\/a>,\u00a0<a href=\"http:\/\/es.wikipedia.org\/wiki\/C%C3%A1mara_Santa_de_Oviedo\">C\u00e1mara Santa de Oviedo<\/a> y\u00a0<a href=\"http:\/\/es.wikipedia.org\/wiki\/Foncalada\">Foncalada<\/a>.<\/p>\n<p><strong>Arte Hispanomusulm\u00e1n:<\/strong> presentaci\u00f3n sobre el <a href=\"http:\/\/www.slideshare.net\/rossa71\/el-arte-musulmn-en-espaa1-2917381?src=related_normal&amp;rel=196769\">arte hispano-musulm\u00e1n<\/a>, la <a href=\"http:\/\/www.youtube.com\/watch?v=ITPBchZ7j2M&amp;feature=related\">Mezquita de C\u00f3rdoba<\/a>,<a href=\"http:\/\/masarteaun.blogspot.com\/2010\/11\/mezquita-de-cordoba-siglos-viii-x.html\"> fases de construcci\u00f3n <\/a>de la Mezquita, la ciudad califal <a href=\"http:\/\/www.youtube.com\/watch?NR=1&amp;v=rmhhVLP8ZCQ\">Medina Azahara<\/a>, la ciudad en <a href=\"http:\/\/www.youtube.com\/watch?v=RDXCSEygUdo\">3D<\/a>, \u00a0la <a href=\"http:\/\/www.youtube.com\/watch?v=FGBZ3OJBkzA\">Alhambra de Granada<\/a>, <a href=\"https:\/\/picasaweb.google.com\/113876161603762817408\/TheAlhambraAndGeneralifeGranada#slideshow\/5249971196796760930\">Reportaje fotogr\u00e1fic<\/a>o de la Alhambra.<\/p>\n<p><strong>Arte medieval:<\/strong> novedades <a href=\"http:\/\/www.youtube.com\/watch?v=nryGmhIowBE&amp;feature=relmfu\">arquitect\u00f3nicas del rom\u00e1nico<\/a>, novedades de la <a href=\"http:\/\/www.youtube.com\/watch?v=H08zbeGbSq8&amp;feature=relmfu\">arquitectura g\u00f3tica<\/a>, \u00a0<a href=\"http:\/\/artecontacto.blogspot.com\/2007\/06\/pintura-romnica.html\">pintura rom\u00e1nica<\/a>, el <a href=\"http:\/\/www.youtube.com\/watch?v=ewS4dRyN8tw&amp;feature=relmfu\">Camino de Santiago<\/a>, \u00a0la <a href=\"http:\/\/www.catedraldesantiago.com\/\">catedral de Santiago de Compostela<\/a>. <a href=\"http:\/\/www.porticodelagloria.com\/el-proyecto.html\">P\u00f3rtico de la Gloria<\/a>. \u00a0La <a href=\"http:\/\/www.slideshare.net\/iesjuliocarobaroja\/arquitectura-gotica-espanola\">arquitectura g\u00f3tica<\/a>.<\/p>\n<p style=\"text-align: left\"><strong>Arte renacentista y barroco:<\/strong> arquitectura <a href=\"http:\/\/www.unc.edu\/~hdefays\/courses\/span330\/arte\/renacimiento.html\">plateresca y renacentista<\/a><span style=\"text-align: -webkit-auto\">, <\/span><a href=\"http:\/\/www.slideshare.net\/rosarmer\/escultura-barroca-espaola-1400726\">escultura<\/a><span style=\"text-align: -webkit-auto\"> y <\/span><a href=\"http:\/\/www.slideshare.net\/neni\/pintura-barroca-espaola\">pintura<\/a><span style=\"text-align: -webkit-auto\"> barrocas, <\/span><a href=\"http:\/\/www.youtube.com\/watch?v=d5osuXFLdY0&amp;feature=relmfu\">v\u00eddeo<\/a><span style=\"text-align: -webkit-auto\"> sobre los pintores espa\u00f1oles del Barroco. <\/span><a href=\"http:\/\/www.youtube.com\/watch?v=_lZFaQfv1YQ&amp;feature=related\">Procesi\u00f3n<\/a><span style=\"text-align: -webkit-auto\"> de Semana Santa en Valladolid. <\/span><a href=\"http:\/\/www.youtube.com\/watch?v=FKMOCSeucWc&amp;feature=related\">Procesi\u00f3n<\/a><span style=\"text-align: -webkit-auto\"> andaluza.<\/span><\/p>\n<p><a href=\"http:\/\/es.wikipedia.org\/wiki\/Francisco_de_Goya\">Francisco de Goya<\/a> y su<a href=\"http:\/\/www.slideshare.net\/arelar\/goya-468870\"> obra<\/a> en el <strong>siglo XVIII<\/strong> espa\u00f1ol.<\/p>\n<p>El <a href=\"http:\/\/www.slideshare.net\/JoseAngelMartinez\/arquitectura-y-urbanismo-en-el-siglo-xix\">Urbanismo<\/a> y la <a href=\"http:\/\/www.slideshare.net\/annablascorovira\/arquitectura-del-siglo-xix\">Arquitectura<\/a> en el <strong>siglo XIX.<\/strong><\/p>\n<p>La <em><strong>arquitectura modernista<\/strong><\/em> de <a href=\"http:\/\/www.slideshare.net\/Jonshuan\/antoni-gaudi-i-cornet\">Antoni Gaudi<\/a>.<\/p>\n<p>La <strong>pintura decimon\u00f3nica<\/strong> en<a href=\"http:\/\/www.slideshare.net\/JoseAngelMartinez\/la-pintura-del-siglo-xix-3841133\"> Espa\u00f1a<\/a>: el <em><a href=\"http:\/\/www.slideshare.net\/JAPM\/romanticismo-y-realismo-7355637\">romanticismo<\/a><\/em> y el <em><a href=\"http:\/\/www.slideshare.net\/rosarmer\/el-siglo-xix-la-pintura-realista\">realismo<\/a><\/em>. La renovaci\u00f3n pict\u00f3rica desde el<em> <a href=\"http:\/\/www.slideshare.net\/arteaula23\/impresionismo-4373313\">Impresionismo<\/a><\/em>. <strong><a href=\"http:\/\/www.youtube.com\/watch?v=L4cL2JSESsA&amp;feature=related\">Joaqu\u00edn Sorolla<\/a><\/strong>, entre la <a href=\"http:\/\/www.slideshare.net\/tomperez\/sorolla-y-el-impresionismo\">tradici\u00f3n y la renovaci\u00f3n<\/a>.<\/p>\n<p>Las <strong><a href=\"http:\/\/www.slideshare.net\/iesmusas\/las-artes-plsticas-del-siglo-xx\">vanguardias art\u00edsticas<\/a><\/strong> en la primera mitad del siglo XX.<\/p>\n<p>El <strong><a href=\"http:\/\/es.wikipedia.org\/wiki\/Hiperrealismo\">hiperrealismo<\/a><\/strong> y <em><strong><a href=\"http:\/\/www.elpais.com\/todo-sobre\/persona\/Antonio\/Lopez\/3665\/\">Antonio L\u00f3pez<\/a><\/strong><\/em>: su <a href=\"http:\/\/www.museothyssen.org\/microsites\/exposiciones\/2011\/antoniolopez\/\">exposici\u00f3n<\/a> en el<em> Museo Thyssen-Bornemisza <\/em>, las obras expuestas <a href=\"http:\/\/www.slideshare.net\/pimares\/antonio-lpez-8472052\">en diapositivas<\/a>, entrevista al pintor, <a href=\"http:\/\/www.youtube.com\/watch?v=evZ92PcwKAU&amp;feature=related\">1\u00aa parte,<\/a> <a href=\"http:\/\/www.youtube.com\/watch?v=MwEAYFcU9k4&amp;feature=related\">2\u00aa parte<\/a>. El propio artista explica su <a href=\"http:\/\/www.elpais.com\/videos\/cultura\/Antonio\/Lopez\/nos\/cuenta\/gran\/exposicion\/Thyssen\/elpepucul\/20110620elpepucul_3\/Ves\/\">obra<\/a>.<\/p>\n","protected":false},"excerpt":{"rendered":"<p>Foto: S. G\u00f3mez, Catedral de Burgos &nbsp; Arte rupestre en la Prehistoria: Arte en la Prehistoria, historia de Altamira, Cuevas de Altamira, Museo de Altamira, Art\u00edculo \u00abLo que el primer dibujo de la humanidad dice de nosotros\u00bb. Culturas antiguas en la Pen\u00ednsula: los pueblos prerromanos, Arte romano:\u00a0vocabulario de arte romano, la villa romana de La &hellip; <a href=\"https:\/\/e-le.es\/sonsoles\/arte-espanol\/\" class=\"more-link\">Seguir leyendo <span class=\"screen-reader-text\">Arte espa\u00f1ol<\/span> <span class=\"meta-nav\">&rarr;<\/span><\/a><\/p>\n","protected":false},"author":23,"featured_media":0,"parent":0,"menu_order":0,"comment_status":"open","ping_status":"open","template":"","meta":{"footnotes":""},"class_list":["post-961","page","type-page","status-publish","hentry"],"_links":{"self":[{"href":"https:\/\/e-le.es\/sonsoles\/wp-json\/wp\/v2\/pages\/961","targetHints":{"allow":["GET"]}}],"collection":[{"href":"https:\/\/e-le.es\/sonsoles\/wp-json\/wp\/v2\/pages"}],"about":[{"href":"https:\/\/e-le.es\/sonsoles\/wp-json\/wp\/v2\/types\/page"}],"author":[{"embeddable":true,"href":"https:\/\/e-le.es\/sonsoles\/wp-json\/wp\/v2\/users\/23"}],"replies":[{"embeddable":true,"href":"https:\/\/e-le.es\/sonsoles\/wp-json\/wp\/v2\/comments?post=961"}],"version-history":[{"count":52,"href":"https:\/\/e-le.es\/sonsoles\/wp-json\/wp\/v2\/pages\/961\/revisions"}],"predecessor-version":[{"id":2122,"href":"https:\/\/e-le.es\/sonsoles\/wp-json\/wp\/v2\/pages\/961\/revisions\/2122"}],"wp:attachment":[{"href":"https:\/\/e-le.es\/sonsoles\/wp-json\/wp\/v2\/media?parent=961"}],"curies":[{"name":"wp","href":"https:\/\/api.w.org\/{rel}","templated":true}]}}