{"id":931,"date":"2011-10-03T11:54:32","date_gmt":"2011-10-03T09:54:32","guid":{"rendered":"http:\/\/e-le.es\/sonsoles\/?page_id=931"},"modified":"2014-05-17T10:10:46","modified_gmt":"2014-05-17T10:10:46","slug":"observatorio-de-actualidad","status":"publish","type":"page","link":"https:\/\/e-le.es\/sonsoles\/observatorio-de-actualidad\/","title":{"rendered":"Observatorio de actualidad"},"content":{"rendered":"<p style=\"text-align: center\"><a href=\"http:\/\/e-le.es\/sonsoles\/wp-content\/uploads\/sites\/2\/2011\/10\/prensa.jpg\"><img loading=\"lazy\" decoding=\"async\" class=\"aligncenter wp-image-1598 size-medium\" src=\"http:\/\/e-le.es\/sonsoles\/wp-content\/uploads\/sites\/2\/2011\/10\/prensa-300x150.jpg\" alt=\"prensa\" width=\"300\" height=\"150\" srcset=\"https:\/\/e-le.es\/sonsoles\/wp-content\/uploads\/sites\/2\/2011\/10\/prensa-300x150.jpg 300w, https:\/\/e-le.es\/sonsoles\/wp-content\/uploads\/sites\/2\/2011\/10\/prensa.jpg 498w\" sizes=\"auto, (max-width: 300px) 100vw, 300px\" \/><\/a><\/p>\n<p style=\"text-align: center\">Foto:<a href=\"http:\/\/www.losblanquillos.com\/las_portadas_de_la_prensa_espanola_hoy-fotos_del_real_zaragoza-igfpo-2062174.htm\">\u00a0<\/a><a href=\"http:\/\/www.elconfidencial.com\/comunicacion\/prensa-escrita-medio-preferido-estar-informado-20101130-72139.html\">El confidencial<\/a><\/p>\n<p>Iniciamos aqu\u00ed una nueva secci\u00f3n de nuestro blog. Nuestro \u00abobservatorio\u00bb quiere ser un espacio abierto para reunir y analizar las noticias y \u00a0la actualidad de Espa\u00f1a. Nuestro objetivo ser\u00e1 conseguir <em>tomar el pulso de la vida pol\u00edtica, econ\u00f3mica, social, cultural, deportiva espa\u00f1ola, aportar ideas y valoraciones y sacar nuestras propias conclusiones<\/em>. \u00a1Adelante con nuestro nuevo gran reto! \ud83d\ude42<\/p>\n<p>He aqu\u00ed los links esenciales en los que hallaremos toda la informaci\u00f3n y actualidad:<\/p>\n<p style=\"padding-left: 120px\"><a style=\"line-height: 1.3333333333;font-size: 18px;font-weight: bold\" href=\"http:\/\/www.rtve.es\/\">Radio Televisi\u00f3n Espa\u00f1ola<\/a><br \/>\n<a style=\"line-height: 1.3333333333;font-size: 18px;font-weight: bold\" href=\"http:\/\/www.elpais.com\/global\/\">Peri\u00f3dico El Pa\u00eds<\/a><br \/>\n<a style=\"line-height: 1.3333333333;font-size: 18px;font-weight: bold\" href=\"http:\/\/www.elmundo.es\/elmundo\/\">Peri\u00f3dico El Mundo<\/a><br \/>\n<a style=\"line-height: 1.3333333333;font-size: 18px;font-weight: bold\" href=\"http:\/\/www.cadenaser.com\/\">Cadena Ser Radio<\/a><br \/>\n<a style=\"line-height: 1.3333333333;font-size: 18px;font-weight: bold\" href=\"http:\/\/www.hola.com\/\">Hola<\/a><\/p>\n","protected":false},"excerpt":{"rendered":"<p>Foto:\u00a0El confidencial Iniciamos aqu\u00ed una nueva secci\u00f3n de nuestro blog. Nuestro \u00abobservatorio\u00bb quiere ser un espacio abierto para reunir y analizar las noticias y \u00a0la actualidad de Espa\u00f1a. Nuestro objetivo ser\u00e1 conseguir tomar el pulso de la vida pol\u00edtica, econ\u00f3mica, social, cultural, deportiva espa\u00f1ola, aportar ideas y valoraciones y sacar nuestras propias conclusiones. \u00a1Adelante con &hellip; <a href=\"https:\/\/e-le.es\/sonsoles\/observatorio-de-actualidad\/\" class=\"more-link\">Seguir leyendo <span class=\"screen-reader-text\">Observatorio de actualidad<\/span> <span class=\"meta-nav\">&rarr;<\/span><\/a><\/p>\n","protected":false},"author":23,"featured_media":0,"parent":0,"menu_order":0,"comment_status":"open","ping_status":"open","template":"","meta":{"footnotes":""},"class_list":["post-931","page","type-page","status-publish","hentry"],"_links":{"self":[{"href":"https:\/\/e-le.es\/sonsoles\/wp-json\/wp\/v2\/pages\/931","targetHints":{"allow":["GET"]}}],"collection":[{"href":"https:\/\/e-le.es\/sonsoles\/wp-json\/wp\/v2\/pages"}],"about":[{"href":"https:\/\/e-le.es\/sonsoles\/wp-json\/wp\/v2\/types\/page"}],"author":[{"embeddable":true,"href":"https:\/\/e-le.es\/sonsoles\/wp-json\/wp\/v2\/users\/23"}],"replies":[{"embeddable":true,"href":"https:\/\/e-le.es\/sonsoles\/wp-json\/wp\/v2\/comments?post=931"}],"version-history":[{"count":12,"href":"https:\/\/e-le.es\/sonsoles\/wp-json\/wp\/v2\/pages\/931\/revisions"}],"predecessor-version":[{"id":1602,"href":"https:\/\/e-le.es\/sonsoles\/wp-json\/wp\/v2\/pages\/931\/revisions\/1602"}],"wp:attachment":[{"href":"https:\/\/e-le.es\/sonsoles\/wp-json\/wp\/v2\/media?parent=931"}],"curies":[{"name":"wp","href":"https:\/\/api.w.org\/{rel}","templated":true}]}}