{"id":782,"date":"2011-05-03T09:32:04","date_gmt":"2011-05-03T07:32:04","guid":{"rendered":"http:\/\/e-le.es\/sonsoles\/?page_id=782"},"modified":"2014-11-04T10:52:16","modified_gmt":"2014-11-04T10:52:16","slug":"historia-de-espana","status":"publish","type":"page","link":"https:\/\/e-le.es\/sonsoles\/historia-de-espana\/","title":{"rendered":"Historia de Espa\u00f1a"},"content":{"rendered":"<p style=\"text-align: center\"><a href=\"http:\/\/e-le.es\/sonsoles\/wp-content\/uploads\/sites\/2\/2014\/05\/Castillo.jpg\"><img loading=\"lazy\" decoding=\"async\" class=\"aligncenter wp-image-1608 size-medium\" src=\"http:\/\/e-le.es\/sonsoles\/wp-content\/uploads\/sites\/2\/2014\/05\/Castillo-300x200.jpg\" alt=\"Castillo\" width=\"300\" height=\"200\" srcset=\"https:\/\/e-le.es\/sonsoles\/wp-content\/uploads\/sites\/2\/2014\/05\/Castillo-300x200.jpg 300w, https:\/\/e-le.es\/sonsoles\/wp-content\/uploads\/sites\/2\/2014\/05\/Castillo.jpg 1024w\" sizes=\"auto, (max-width: 300px) 100vw, 300px\" \/><\/a><\/p>\n<p style=\"text-align: left\"><em><strong>\u00ab\u00bfPara qu\u00e9 la historia, pues?<\/strong><\/em><\/p>\n<p><em><strong>Est\u00e1 la respuesta p\u00fablica: para interpretar mejor el mundo, para cambiar la vida, para reconocer ra\u00edces y procesos, para defender algunas verdades, para denunciar los mecanismos de opresi\u00f3n, para fortalecer luchas libertarias.<\/strong><\/em><\/p>\n<p style=\"text-align: left\"><em><strong>Y la privada: para vivir d\u00edas que valgan la pena, alegres y despierto<\/strong><\/em><em><strong>s<\/strong><\/em><strong><em>\u00bb<\/em><\/strong><em><strong>.<\/strong><\/em><\/p>\n<p style=\"text-align: right\">(J.J. Blanco, \u00abEl placer de la historia\u00bb,<\/p>\n<p style=\"text-align: right\">en C.\u00a0Pereyra, <em>Historia \u00bfpara qu\u00e9?, <\/em>Buenos\u00a0Aires, 1984)<\/p>\n","protected":false},"excerpt":{"rendered":"<p>\u00ab\u00bfPara qu\u00e9 la historia, pues? Est\u00e1 la respuesta p\u00fablica: para interpretar mejor el mundo, para cambiar la vida, para reconocer ra\u00edces y procesos, para defender algunas verdades, para denunciar los mecanismos de opresi\u00f3n, para fortalecer luchas libertarias. Y la privada: para vivir d\u00edas que valgan la pena, alegres y despiertos\u00bb. (J.J. Blanco, \u00abEl placer de &hellip; <a href=\"https:\/\/e-le.es\/sonsoles\/historia-de-espana\/\" class=\"more-link\">Seguir leyendo <span class=\"screen-reader-text\">Historia de Espa\u00f1a<\/span> <span class=\"meta-nav\">&rarr;<\/span><\/a><\/p>\n","protected":false},"author":23,"featured_media":0,"parent":0,"menu_order":0,"comment_status":"open","ping_status":"open","template":"","meta":{"footnotes":""},"class_list":["post-782","page","type-page","status-publish","hentry"],"_links":{"self":[{"href":"https:\/\/e-le.es\/sonsoles\/wp-json\/wp\/v2\/pages\/782","targetHints":{"allow":["GET"]}}],"collection":[{"href":"https:\/\/e-le.es\/sonsoles\/wp-json\/wp\/v2\/pages"}],"about":[{"href":"https:\/\/e-le.es\/sonsoles\/wp-json\/wp\/v2\/types\/page"}],"author":[{"embeddable":true,"href":"https:\/\/e-le.es\/sonsoles\/wp-json\/wp\/v2\/users\/23"}],"replies":[{"embeddable":true,"href":"https:\/\/e-le.es\/sonsoles\/wp-json\/wp\/v2\/comments?post=782"}],"version-history":[{"count":12,"href":"https:\/\/e-le.es\/sonsoles\/wp-json\/wp\/v2\/pages\/782\/revisions"}],"predecessor-version":[{"id":1767,"href":"https:\/\/e-le.es\/sonsoles\/wp-json\/wp\/v2\/pages\/782\/revisions\/1767"}],"wp:attachment":[{"href":"https:\/\/e-le.es\/sonsoles\/wp-json\/wp\/v2\/media?parent=782"}],"curies":[{"name":"wp","href":"https:\/\/api.w.org\/{rel}","templated":true}]}}