{"id":4,"date":"2008-05-18T16:07:22","date_gmt":"2008-05-18T14:07:22","guid":{"rendered":"http:\/\/e-le.es\/sonsoles\/acerca_de\/"},"modified":"2022-01-20T19:48:36","modified_gmt":"2022-01-20T19:48:36","slug":"acerca_de","status":"publish","type":"page","link":"https:\/\/e-le.es\/sonsoles\/acerca_de\/","title":{"rendered":"Acerca de&#8230;"},"content":{"rendered":"<p><a href=\"http:\/\/e-le.es\/sonsoles\/wp-content\/uploads\/sites\/2\/2008\/05\/introducci\u00f3n.jpg\"><img loading=\"lazy\" decoding=\"async\" class=\"aligncenter wp-image-1604 size-full\" src=\"http:\/\/e-le.es\/sonsoles\/wp-content\/uploads\/sites\/2\/2008\/05\/introducci\u00f3n.jpg\" alt=\"introducci\u00f3n\" width=\"1024\" height=\"324\" srcset=\"https:\/\/e-le.es\/sonsoles\/wp-content\/uploads\/sites\/2\/2008\/05\/introducci\u00f3n.jpg 1024w, https:\/\/e-le.es\/sonsoles\/wp-content\/uploads\/sites\/2\/2008\/05\/introducci\u00f3n-300x94.jpg 300w\" sizes=\"auto, (max-width: 1024px) 100vw, 1024px\" \/><\/a><\/p>\n<address>(Foto propia)<\/address>\n<p>El blog <strong>Cultur-ele\u00a0<\/strong>nace con el objetivo de abrir un espacio de expresi\u00f3n escrita, personal, para los alumnos del Instituto Cervantes de M\u00fanich, de la Technische Universit\u00e4t M\u00fcnchen y de la Ludwig-Maximilian Universit\u00e4t con ganas de comentar aportaciones, experiencias, sentimientos, dificultades, etc. que la lectura de obras de la literatura espa\u00f1ola e hispanoamericana ha generado en ellos.<\/p>\n<p>Por otra parte, esta bit\u00e1cora puede ser una v\u00eda de intercambio de conocimientos entre los estudiantes, as\u00ed como un lugar en el que insertar enlaces interesantes para todos sobre temas de cultura, literatura, gram\u00e1tica, l\u00e9xico, fon\u00e9tica&#8230; sobre todo lo relacionado con el espa\u00f1ol que nos ayude a acercarnos m\u00e1s a la lengua.<\/p>\n<p>Gracias a la colaboraci\u00f3n de todos conseguiremos crear en este blog un punto de referencia para trabajar \u201ccon\u201d y \u201cen\u201d espa\u00f1ol en la red, \u00a0en el que encontraremos, sin p\u00e9rdida de tiempo, mucha informaci\u00f3n interesante sobre cultura y literatura y en el que podremos escribir nuestras ideas y comentarios con total libertad y confianza&#8230;\u00a0 porque estamos entre amigos.<\/p>\n<p>Sonsoles G.<\/p>\n","protected":false},"excerpt":{"rendered":"<p>(Foto propia) El blog Cultur-ele\u00a0nace con el objetivo de abrir un espacio de expresi\u00f3n escrita, personal, para los alumnos del Instituto Cervantes de M\u00fanich, de la Technische Universit\u00e4t M\u00fcnchen y de la Ludwig-Maximilian Universit\u00e4t con ganas de comentar aportaciones, experiencias, sentimientos, dificultades, etc. que la lectura de obras de la literatura espa\u00f1ola e hispanoamericana ha &hellip; <a href=\"https:\/\/e-le.es\/sonsoles\/acerca_de\/\" class=\"more-link\">Seguir leyendo <span class=\"screen-reader-text\">Acerca de&#8230;<\/span> <span class=\"meta-nav\">&rarr;<\/span><\/a><\/p>\n","protected":false},"author":23,"featured_media":0,"parent":0,"menu_order":0,"comment_status":"open","ping_status":"open","template":"","meta":{"footnotes":""},"class_list":["post-4","page","type-page","status-publish","hentry"],"_links":{"self":[{"href":"https:\/\/e-le.es\/sonsoles\/wp-json\/wp\/v2\/pages\/4","targetHints":{"allow":["GET"]}}],"collection":[{"href":"https:\/\/e-le.es\/sonsoles\/wp-json\/wp\/v2\/pages"}],"about":[{"href":"https:\/\/e-le.es\/sonsoles\/wp-json\/wp\/v2\/types\/page"}],"author":[{"embeddable":true,"href":"https:\/\/e-le.es\/sonsoles\/wp-json\/wp\/v2\/users\/23"}],"replies":[{"embeddable":true,"href":"https:\/\/e-le.es\/sonsoles\/wp-json\/wp\/v2\/comments?post=4"}],"version-history":[{"count":11,"href":"https:\/\/e-le.es\/sonsoles\/wp-json\/wp\/v2\/pages\/4\/revisions"}],"predecessor-version":[{"id":2257,"href":"https:\/\/e-le.es\/sonsoles\/wp-json\/wp\/v2\/pages\/4\/revisions\/2257"}],"wp:attachment":[{"href":"https:\/\/e-le.es\/sonsoles\/wp-json\/wp\/v2\/media?parent=4"}],"curies":[{"name":"wp","href":"https:\/\/api.w.org\/{rel}","templated":true}]}}