{"id":2183,"date":"2019-09-26T10:42:35","date_gmt":"2019-09-26T10:42:35","guid":{"rendered":"http:\/\/e-le.es\/sonsoles\/?page_id=2183"},"modified":"2020-01-28T10:27:58","modified_gmt":"2020-01-28T10:27:58","slug":"musica-espanola-de-ayer-y-hoy","status":"publish","type":"page","link":"https:\/\/e-le.es\/sonsoles\/musica-espanola-de-ayer-y-hoy\/","title":{"rendered":"M\u00fasica espa\u00f1ola"},"content":{"rendered":"<p>Nuestro objetivo es presentar el panorama musical espa\u00f1ol de los \u00faltimos 40 a\u00f1os y proponer canciones y actividades para realizar en la clase ELE.<\/p>\n<p><iframe loading=\"lazy\" title=\"ROSAL\u00cdA - MALAMENTE  (Cap.1: Augurio)\" width=\"474\" height=\"267\" src=\"https:\/\/www.youtube.com\/embed\/Rht7rBHuXW8?feature=oembed\" frameborder=\"0\" allow=\"accelerometer; autoplay; clipboard-write; encrypted-media; gyroscope; picture-in-picture; web-share\" referrerpolicy=\"strict-origin-when-cross-origin\" allowfullscreen><\/iframe><\/p>\n<p><a href=\"https:\/\/prezi.com\/p\/h15edbk8lbe8\/la-musica-espanola-desde-los-80\/\"><strong>\u00abIntroducci\u00f3n: la m\u00fasic<\/strong><strong>a espanola desde los 80 hasta hoy<\/strong><strong>\u00ab<\/strong><\/a><strong>.<\/strong><\/p>\n<p><a href=\"https:\/\/prezi.com\/p\/e98tmwhtcqeu\/movida-madrilena\/\"><strong>\u00abLa m\u00fasica de la Movida madrile\u00f1a\u00bb<\/strong><\/a><\/p>\n<p><a href=\"https:\/\/prezi.com\/p\/zxxwkx7ok5gd\/mecano\/#present\"><strong>\u00abMECANO\u00bb<\/strong><\/a><\/p>\n<p><a href=\"https:\/\/prezi.com\/p\/z7f5blqm54ps\/rock-y-pop-desde-los-90\/\"><strong>\u00abEl rock y el pop de los 80 y 90\u00bb<\/strong><\/a><\/p>\n<p><a href=\"https:\/\/prezi.com\/p\/jvookqswim_e\/?present=1\"><strong>\u00ab<\/strong><strong>Cantautores\u00bb<\/strong><\/a><\/p>\n<p><strong><a href=\"https:\/\/prezi.com\/p\/rfedjvomplj3\/?present=1\">\u00abFlamenco, rumba, copla y fusi\u00f3n\u00bb<\/a><\/strong><\/p>\n<ul>\n<li>Terminamos el curso donde todo empez\u00f3: con la vuelta a la ra\u00edz flamenca de Rosal\u00eda (su single de enero 2020):<\/li>\n<\/ul>\n<p><iframe loading=\"lazy\" title=\"ROSAL\u00cdA - Juro Que (Official Video)\" width=\"474\" height=\"267\" src=\"https:\/\/www.youtube.com\/embed\/mtym36PG6R8?feature=oembed\" frameborder=\"0\" allow=\"accelerometer; autoplay; clipboard-write; encrypted-media; gyroscope; picture-in-picture; web-share\" referrerpolicy=\"strict-origin-when-cross-origin\" allowfullscreen><\/iframe><\/p>\n<p>&nbsp;<\/p>\n<p>**************************************************************************<\/p>\n<p>&nbsp;<\/p>\n<!--[if lt IE 9]><script>document.createElement('audio');<\/script><![endif]-->\n<audio class=\"wp-audio-shortcode\" id=\"audio-2183-1\" preload=\"none\" style=\"width: 100%;\" controls=\"controls\"><source type=\"audio\/mpeg\" src=\"https:\/\/mediavod-lvlt.rtve.es\/resources\/TE_SGUITAR\/mp3\/3\/5\/1549221233453.mp3?_=1\" \/><a href=\"https:\/\/mediavod-lvlt.rtve.es\/resources\/TE_SGUITAR\/mp3\/3\/5\/1549221233453.mp3\">https:\/\/mediavod-lvlt.rtve.es\/resources\/TE_SGUITAR\/mp3\/3\/5\/1549221233453.mp3<\/a><\/audio>\n<audio class=\"wp-audio-shortcode\" id=\"audio-2183-2\" preload=\"none\" style=\"width: 100%;\" controls=\"controls\"><source type=\"audio\/mpeg\" src=\"https:\/\/mediavod-lvlt.rtve.es\/resources\/TE_SGUITAR\/mp3\/6\/6\/1551640141666.mp3?_=2\" \/><a href=\"https:\/\/mediavod-lvlt.rtve.es\/resources\/TE_SGUITAR\/mp3\/6\/6\/1551640141666.mp3\">https:\/\/mediavod-lvlt.rtve.es\/resources\/TE_SGUITAR\/mp3\/6\/6\/1551640141666.mp3<\/a><\/audio>\n","protected":false},"excerpt":{"rendered":"<p>Nuestro objetivo es presentar el panorama musical espa\u00f1ol de los \u00faltimos 40 a\u00f1os y proponer canciones y actividades para realizar en la clase ELE. \u00abIntroducci\u00f3n: la m\u00fasica espanola desde los 80 hasta hoy\u00ab. \u00abLa m\u00fasica de la Movida madrile\u00f1a\u00bb \u00abMECANO\u00bb \u00abEl rock y el pop de los 80 y 90\u00bb \u00abCantautores\u00bb \u00abFlamenco, rumba, copla y &hellip; <a href=\"https:\/\/e-le.es\/sonsoles\/musica-espanola-de-ayer-y-hoy\/\" class=\"more-link\">Seguir leyendo <span class=\"screen-reader-text\">M\u00fasica espa\u00f1ola<\/span> <span class=\"meta-nav\">&rarr;<\/span><\/a><\/p>\n","protected":false},"author":2,"featured_media":0,"parent":0,"menu_order":0,"comment_status":"closed","ping_status":"closed","template":"","meta":{"footnotes":""},"class_list":["post-2183","page","type-page","status-publish","hentry"],"_links":{"self":[{"href":"https:\/\/e-le.es\/sonsoles\/wp-json\/wp\/v2\/pages\/2183","targetHints":{"allow":["GET"]}}],"collection":[{"href":"https:\/\/e-le.es\/sonsoles\/wp-json\/wp\/v2\/pages"}],"about":[{"href":"https:\/\/e-le.es\/sonsoles\/wp-json\/wp\/v2\/types\/page"}],"author":[{"embeddable":true,"href":"https:\/\/e-le.es\/sonsoles\/wp-json\/wp\/v2\/users\/2"}],"replies":[{"embeddable":true,"href":"https:\/\/e-le.es\/sonsoles\/wp-json\/wp\/v2\/comments?post=2183"}],"version-history":[{"count":28,"href":"https:\/\/e-le.es\/sonsoles\/wp-json\/wp\/v2\/pages\/2183\/revisions"}],"predecessor-version":[{"id":2226,"href":"https:\/\/e-le.es\/sonsoles\/wp-json\/wp\/v2\/pages\/2183\/revisions\/2226"}],"wp:attachment":[{"href":"https:\/\/e-le.es\/sonsoles\/wp-json\/wp\/v2\/media?parent=2183"}],"curies":[{"name":"wp","href":"https:\/\/api.w.org\/{rel}","templated":true}]}}