{"id":1737,"date":"2014-09-16T15:19:29","date_gmt":"2014-09-16T15:19:29","guid":{"rendered":"http:\/\/e-le.es\/sonsoles\/?page_id=1737"},"modified":"2022-01-22T18:51:28","modified_gmt":"2022-01-22T18:51:28","slug":"para-empezar-con-el-espanol","status":"publish","type":"page","link":"https:\/\/e-le.es\/sonsoles\/para-empezar-con-el-espanol\/","title":{"rendered":"Para empezar&#8230;"},"content":{"rendered":"<p><a href=\"http:\/\/e-le.es\/sonsoles\/wp-content\/uploads\/sites\/2\/2014\/09\/Bienvenidos3.jpg\"><img loading=\"lazy\" decoding=\"async\" class=\"aligncenter size-full wp-image-1743\" src=\"http:\/\/e-le.es\/sonsoles\/wp-content\/uploads\/sites\/2\/2014\/09\/Bienvenidos3.jpg\" alt=\"Bienvenidos3\" width=\"476\" height=\"241\" srcset=\"https:\/\/e-le.es\/sonsoles\/wp-content\/uploads\/sites\/2\/2014\/09\/Bienvenidos3.jpg 476w, https:\/\/e-le.es\/sonsoles\/wp-content\/uploads\/sites\/2\/2014\/09\/Bienvenidos3-300x151.jpg 300w\" sizes=\"auto, (max-width: 476px) 100vw, 476px\" \/><\/a><\/p>\n<h2 style=\"text-align: center\"><strong>\u00a1Bienvenidos al mundo del espa\u00f1ol!<\/strong><\/h2>\n<p>&nbsp;<\/p>\n<p><strong>* Para empezar, los sonidos y el abecedario en espa\u00f1ol:<\/strong><\/p>\n<p><iframe loading=\"lazy\" title=\"Alfabeto Espa\u00f1ol - Canciones Infantiles\" width=\"474\" height=\"267\" src=\"https:\/\/www.youtube.com\/embed\/MhYKuKA0qLo?feature=oembed\" frameborder=\"0\" allow=\"accelerometer; autoplay; clipboard-write; encrypted-media; gyroscope; picture-in-picture; web-share\" referrerpolicy=\"strict-origin-when-cross-origin\" allowfullscreen><\/iframe><\/p>\n<p>&nbsp;<\/p>\n<p><a href=\"http:\/\/e-le.es\/sonsoles\/wp-content\/uploads\/sites\/2\/2014\/09\/abecedario-espanol-mayus-minus.jpeg\"><img loading=\"lazy\" decoding=\"async\" class=\"aligncenter wp-image-1748\" src=\"http:\/\/e-le.es\/sonsoles\/wp-content\/uploads\/sites\/2\/2014\/09\/abecedario-espanol-mayus-minus.jpeg\" alt=\"abecedario-espanol-mayus-minus\" width=\"542\" height=\"264\" srcset=\"https:\/\/e-le.es\/sonsoles\/wp-content\/uploads\/sites\/2\/2014\/09\/abecedario-espanol-mayus-minus.jpeg 820w, https:\/\/e-le.es\/sonsoles\/wp-content\/uploads\/sites\/2\/2014\/09\/abecedario-espanol-mayus-minus-300x145.jpeg 300w\" sizes=\"auto, (max-width: 542px) 100vw, 542px\" \/><\/a><\/p>\n<p>&nbsp;<\/p>\n<p><strong>* Los n\u00fameros en espa\u00f1ol:<\/strong><\/p>\n<p><a href=\"http:\/\/e-le.es\/sonsoles\/wp-content\/uploads\/sites\/2\/2014\/09\/numeros.jpg\"><img loading=\"lazy\" decoding=\"async\" class=\"aligncenter size-medium wp-image-2072\" src=\"http:\/\/e-le.es\/sonsoles\/wp-content\/uploads\/sites\/2\/2014\/09\/numeros-300x172.jpg\" alt=\"numeros\" width=\"300\" height=\"172\" srcset=\"https:\/\/e-le.es\/sonsoles\/wp-content\/uploads\/sites\/2\/2014\/09\/numeros-300x172.jpg 300w, https:\/\/e-le.es\/sonsoles\/wp-content\/uploads\/sites\/2\/2014\/09\/numeros.jpg 637w\" sizes=\"auto, (max-width: 300px) 100vw, 300px\" \/><\/a><\/p>\n<p>&nbsp;<\/p>\n<p><strong>* Saludos y despedidas en espa\u00f1ol:<\/strong><\/p>\n<p><iframe loading=\"lazy\" title=\"Gente hoy 1 - Unidad 0: Gente en clase - (sin subt\u00edtulos)\" width=\"474\" height=\"267\" src=\"https:\/\/www.youtube.com\/embed\/aTNaM41CHXw?feature=oembed\" frameborder=\"0\" allow=\"accelerometer; autoplay; clipboard-write; encrypted-media; gyroscope; picture-in-picture; web-share\" referrerpolicy=\"strict-origin-when-cross-origin\" allowfullscreen><\/iframe><\/p>\n<h5><strong>* Famosos del mundo hispano<\/strong><\/h5>\n<p><a href=\"http:\/\/e-le.es\/sonsoles\/wp-content\/uploads\/sites\/2\/2019\/10\/famosos.jpg\"><img loading=\"lazy\" decoding=\"async\" class=\"aligncenter size-full wp-image-2201\" src=\"http:\/\/e-le.es\/sonsoles\/wp-content\/uploads\/sites\/2\/2019\/10\/famosos.jpg\" alt=\"\" width=\"931\" height=\"636\" srcset=\"https:\/\/e-le.es\/sonsoles\/wp-content\/uploads\/sites\/2\/2019\/10\/famosos.jpg 931w, https:\/\/e-le.es\/sonsoles\/wp-content\/uploads\/sites\/2\/2019\/10\/famosos-300x205.jpg 300w, https:\/\/e-le.es\/sonsoles\/wp-content\/uploads\/sites\/2\/2019\/10\/famosos-768x525.jpg 768w\" sizes=\"auto, (max-width: 931px) 100vw, 931px\" \/><\/a><\/p>\n<p>&nbsp;<\/p>\n<p><strong>* Vamos a jugar: <a href=\"https:\/\/mapasinteractivos.didactalia.net\/comunidad\/mapasflashinteractivos\/recurso\/paises-de-habla-hispana\/375e7459-aab0-4e30-88d2-6835f95e6f57\">pa\u00edses de habla hispana<\/a><\/strong><\/p>\n<p><a href=\"http:\/\/e-le.es\/sonsoles\/wp-content\/uploads\/sites\/2\/2014\/09\/mundo-hispanohablante.jpeg\"><img loading=\"lazy\" decoding=\"async\" class=\"aligncenter size-medium wp-image-2073\" src=\"http:\/\/e-le.es\/sonsoles\/wp-content\/uploads\/sites\/2\/2014\/09\/mundo-hispanohablante-300x222.jpeg\" alt=\"mundo hispanohablante\" width=\"300\" height=\"222\" srcset=\"https:\/\/e-le.es\/sonsoles\/wp-content\/uploads\/sites\/2\/2014\/09\/mundo-hispanohablante-300x222.jpeg 300w, https:\/\/e-le.es\/sonsoles\/wp-content\/uploads\/sites\/2\/2014\/09\/mundo-hispanohablante-1024x759.jpeg 1024w, https:\/\/e-le.es\/sonsoles\/wp-content\/uploads\/sites\/2\/2014\/09\/mundo-hispanohablante.jpeg 1100w\" sizes=\"auto, (max-width: 300px) 100vw, 300px\" \/><\/a><\/p>\n<p>&nbsp;<\/p>\n<p><strong>* Presentarse en espa\u00f1ol:<\/strong><\/p>\n<p><iframe loading=\"lazy\" title=\"Learn Spanish - PRESENTARSE ( Introduce yourself)\" width=\"474\" height=\"356\" src=\"https:\/\/www.youtube.com\/embed\/g1rydD4UeCQ?feature=oembed\" frameborder=\"0\" allow=\"accelerometer; autoplay; clipboard-write; encrypted-media; gyroscope; picture-in-picture; web-share\" referrerpolicy=\"strict-origin-when-cross-origin\" allowfullscreen><\/iframe><\/p>\n<p>&nbsp;<\/p>\n<p><strong>* Qui\u00e9nes son estos personajes&#8230;\u00a0<\/strong> :-O<\/p>\n<p><a href=\"http:\/\/e-le.es\/sonsoles\/wp-content\/uploads\/sites\/2\/2018\/11\/Mapa-de-famosos.jpg\"><img loading=\"lazy\" decoding=\"async\" class=\"aligncenter size-full wp-image-2161\" src=\"http:\/\/e-le.es\/sonsoles\/wp-content\/uploads\/sites\/2\/2018\/11\/Mapa-de-famosos.jpg\" alt=\"\" width=\"736\" height=\"493\" srcset=\"https:\/\/e-le.es\/sonsoles\/wp-content\/uploads\/sites\/2\/2018\/11\/Mapa-de-famosos.jpg 736w, https:\/\/e-le.es\/sonsoles\/wp-content\/uploads\/sites\/2\/2018\/11\/Mapa-de-famosos-300x201.jpg 300w\" sizes=\"auto, (max-width: 736px) 100vw, 736px\" \/><\/a><\/p>\n<p>&nbsp;<\/p>\n<p><strong>* Los colores en espa\u00f1ol:<\/strong><\/p>\n<p><a href=\"http:\/\/e-le.es\/sonsoles\/wp-content\/uploads\/sites\/2\/2014\/09\/colores.jpg\"><img loading=\"lazy\" decoding=\"async\" class=\"aligncenter wp-image-2085 size-full\" src=\"http:\/\/e-le.es\/sonsoles\/wp-content\/uploads\/sites\/2\/2014\/09\/colores.jpg\" alt=\"colores\" width=\"564\" height=\"614\" srcset=\"https:\/\/e-le.es\/sonsoles\/wp-content\/uploads\/sites\/2\/2014\/09\/colores.jpg 564w, https:\/\/e-le.es\/sonsoles\/wp-content\/uploads\/sites\/2\/2014\/09\/colores-275x300.jpg 275w\" sizes=\"auto, (max-width: 564px) 100vw, 564px\" \/><\/a><\/p>\n<p><strong>\u00a0* Partes del cuerpo<\/strong><\/p>\n<p><a href=\"http:\/\/e-le.es\/sonsoles\/wp-content\/uploads\/sites\/2\/2014\/09\/Partes_cuerpo.png\"><img loading=\"lazy\" decoding=\"async\" class=\"aligncenter size-full wp-image-2126\" src=\"http:\/\/e-le.es\/sonsoles\/wp-content\/uploads\/sites\/2\/2014\/09\/Partes_cuerpo.png\" alt=\"Partes_cuerpo\" width=\"800\" height=\"1043\" srcset=\"https:\/\/e-le.es\/sonsoles\/wp-content\/uploads\/sites\/2\/2014\/09\/Partes_cuerpo.png 800w, https:\/\/e-le.es\/sonsoles\/wp-content\/uploads\/sites\/2\/2014\/09\/Partes_cuerpo-230x300.png 230w, https:\/\/e-le.es\/sonsoles\/wp-content\/uploads\/sites\/2\/2014\/09\/Partes_cuerpo-785x1024.png 785w\" sizes=\"auto, (max-width: 800px) 100vw, 800px\" \/><\/a><\/p>\n<p>&nbsp;<\/p>\n<p><em><strong>* Los alimentos<\/strong><\/em><\/p>\n<p><a href=\"http:\/\/e-le.es\/sonsoles\/wp-content\/uploads\/sites\/2\/2014\/09\/Alimentos.jpg\"><img loading=\"lazy\" decoding=\"async\" class=\"aligncenter size-large wp-image-2130\" src=\"http:\/\/e-le.es\/sonsoles\/wp-content\/uploads\/sites\/2\/2014\/09\/Alimentos-723x1024.jpg\" alt=\"Alimentos\" width=\"474\" height=\"671\" srcset=\"https:\/\/e-le.es\/sonsoles\/wp-content\/uploads\/sites\/2\/2014\/09\/Alimentos-723x1024.jpg 723w, https:\/\/e-le.es\/sonsoles\/wp-content\/uploads\/sites\/2\/2014\/09\/Alimentos-212x300.jpg 212w, https:\/\/e-le.es\/sonsoles\/wp-content\/uploads\/sites\/2\/2014\/09\/Alimentos.jpg 1018w\" sizes=\"auto, (max-width: 474px) 100vw, 474px\" \/><\/a><\/p>\n<p><strong>* Y a ti, qu\u00e9 te gusta?<\/strong><\/p>\n<p><iframe loading=\"lazy\" title=\"Las cosas que me gustan. Nivel A1\" width=\"474\" height=\"356\" src=\"https:\/\/www.youtube.com\/embed\/YG3Sx1bvoKE?feature=oembed\" frameborder=\"0\" allow=\"accelerometer; autoplay; clipboard-write; encrypted-media; gyroscope; picture-in-picture; web-share\" referrerpolicy=\"strict-origin-when-cross-origin\" allowfullscreen><\/iframe><\/p>\n<p><strong>\u00a0<a href=\"http:\/\/www.videoele.com\/Archivos\/A1_cosas_que_me_gustan_Transc.pdf\">Transcripci\u00f3n<\/a><\/strong><\/p>\n<p>&nbsp;<\/p>\n<p>* Museo Salvador Dal\u00ed en Figueres<\/p>\n<p><iframe loading=\"lazy\" title=\"Teatre-Museu Dal\u00ed\/Teatro-Museo Dal\u00ed\/Dal\u00ed Theatre-Museum (Figueres) 1 HD\" width=\"474\" height=\"267\" src=\"https:\/\/www.youtube.com\/embed\/I7vyaTxeOx8?feature=oembed\" frameborder=\"0\" allow=\"accelerometer; autoplay; clipboard-write; encrypted-media; gyroscope; picture-in-picture; web-share\" referrerpolicy=\"strict-origin-when-cross-origin\" allowfullscreen><\/iframe><\/p>\n<p>&nbsp;<\/p>\n<h5><strong>* Los nombres de las <a href=\"http:\/\/www.slideshare.net\/Espanolparainmigrantes\/oficios-11313511\">profesiones<\/a><\/strong><\/h5>\n<p><a href=\"http:\/\/e-le.es\/sonsoles\/wp-content\/uploads\/sites\/2\/2014\/09\/profesiones.jpg\"><img loading=\"lazy\" decoding=\"async\" class=\"aligncenter size-full wp-image-1769\" src=\"http:\/\/e-le.es\/sonsoles\/wp-content\/uploads\/sites\/2\/2014\/09\/profesiones.jpg\" alt=\"profesiones\" width=\"500\" height=\"355\" srcset=\"https:\/\/e-le.es\/sonsoles\/wp-content\/uploads\/sites\/2\/2014\/09\/profesiones.jpg 500w, https:\/\/e-le.es\/sonsoles\/wp-content\/uploads\/sites\/2\/2014\/09\/profesiones-300x213.jpg 300w\" sizes=\"auto, (max-width: 500px) 100vw, 500px\" \/><\/a><\/p>\n<p>&nbsp;<\/p>\n<h4 style=\"text-align: center\">\u00a0<strong>La SEMINCI de Valladolid:<\/strong><\/h4>\n<p><iframe loading=\"lazy\" title=\"Seminci 2010. 55\u00aa edici\u00f3n - Resumen del Festival\" width=\"474\" height=\"356\" src=\"https:\/\/www.youtube.com\/embed\/Rlu9xr0u5Uo?feature=oembed\" frameborder=\"0\" allow=\"accelerometer; autoplay; clipboard-write; encrypted-media; gyroscope; picture-in-picture; web-share\" referrerpolicy=\"strict-origin-when-cross-origin\" allowfullscreen><\/iframe><\/p>\n<p>&nbsp;<\/p>\n<h4><strong>Hablar sobre\u00a0<\/strong> <strong>EL TIEMPO\u00a0<img loading=\"lazy\" decoding=\"async\" class=\"\" src=\"http:\/\/www.dibujoswiki.com\/Uploads\/dibujoswiki.com\/Imagenes\/dibujos-de-soles.jpg\" alt=\"\" width=\"61\" height=\"41\" \/><\/strong><\/h4>\n<p><iframe loading=\"lazy\" title=\"\u00bfQu\u00e9 tiempo hace? Nivel A2\" width=\"474\" height=\"356\" src=\"https:\/\/www.youtube.com\/embed\/Uza-5W_Pnlk?feature=oembed\" frameborder=\"0\" allow=\"accelerometer; autoplay; clipboard-write; encrypted-media; gyroscope; picture-in-picture; web-share\" referrerpolicy=\"strict-origin-when-cross-origin\" allowfullscreen><\/iframe><\/p>\n<p>&nbsp;<\/p>\n<p><strong>La ropa<\/strong><\/p>\n<p><a href=\"http:\/\/e-le.es\/sonsoles\/wp-content\/uploads\/sites\/2\/2014\/09\/ropa.jpg\"><img loading=\"lazy\" decoding=\"async\" class=\"aligncenter size-full wp-image-1929\" src=\"http:\/\/e-le.es\/sonsoles\/wp-content\/uploads\/sites\/2\/2014\/09\/ropa.jpg\" alt=\"ropa\" width=\"1018\" height=\"1440\" srcset=\"https:\/\/e-le.es\/sonsoles\/wp-content\/uploads\/sites\/2\/2014\/09\/ropa.jpg 1018w, https:\/\/e-le.es\/sonsoles\/wp-content\/uploads\/sites\/2\/2014\/09\/ropa-212x300.jpg 212w, https:\/\/e-le.es\/sonsoles\/wp-content\/uploads\/sites\/2\/2014\/09\/ropa-723x1024.jpg 723w\" sizes=\"auto, (max-width: 1018px) 100vw, 1018px\" \/><\/a><a href=\"http:\/\/e-le.es\/sonsoles\/wp-content\/uploads\/sites\/2\/2014\/09\/ropa-sin-nombre.jpg\"><img loading=\"lazy\" decoding=\"async\" class=\"aligncenter wp-image-1930\" src=\"http:\/\/e-le.es\/sonsoles\/wp-content\/uploads\/sites\/2\/2014\/09\/ropa-sin-nombre.jpg\" alt=\"ropa sin nombre\" width=\"320\" height=\"453\" srcset=\"https:\/\/e-le.es\/sonsoles\/wp-content\/uploads\/sites\/2\/2014\/09\/ropa-sin-nombre.jpg 300w, https:\/\/e-le.es\/sonsoles\/wp-content\/uploads\/sites\/2\/2014\/09\/ropa-sin-nombre-211x300.jpg 211w\" sizes=\"auto, (max-width: 320px) 100vw, 320px\" \/><\/a><\/p>\n<p>&nbsp;<\/p>\n<p>https:\/\/youtu.be\/HQTVw8rm7qg<\/p>\n<p>&nbsp;<\/p>\n<p><em><strong>* La familia: descripci\u00f3n f\u00edsica<\/strong><\/em><\/p>\n<p><a href=\"http:\/\/e-le.es\/sonsoles\/wp-content\/uploads\/sites\/2\/2014\/09\/6.jpg\"><img loading=\"lazy\" decoding=\"async\" class=\"aligncenter size-full wp-image-1936\" src=\"http:\/\/e-le.es\/sonsoles\/wp-content\/uploads\/sites\/2\/2014\/09\/6.jpg\" alt=\"6\" width=\"380\" height=\"277\" srcset=\"https:\/\/e-le.es\/sonsoles\/wp-content\/uploads\/sites\/2\/2014\/09\/6.jpg 380w, https:\/\/e-le.es\/sonsoles\/wp-content\/uploads\/sites\/2\/2014\/09\/6-300x218.jpg 300w\" sizes=\"auto, (max-width: 380px) 100vw, 380px\" \/><\/a><\/p>\n<p><a href=\"http:\/\/e-le.es\/sonsoles\/wp-content\/uploads\/sites\/2\/2014\/09\/la-familia.jpg\"><img loading=\"lazy\" decoding=\"async\" class=\"alignleft wp-image-2031 size-full\" src=\"http:\/\/e-le.es\/sonsoles\/wp-content\/uploads\/sites\/2\/2014\/09\/la-familia.jpg\" alt=\"\" width=\"500\" height=\"368\" srcset=\"https:\/\/e-le.es\/sonsoles\/wp-content\/uploads\/sites\/2\/2014\/09\/la-familia.jpg 500w, https:\/\/e-le.es\/sonsoles\/wp-content\/uploads\/sites\/2\/2014\/09\/la-familia-300x220.jpg 300w\" sizes=\"auto, (max-width: 500px) 100vw, 500px\" \/><\/a><\/p>\n<p>&nbsp;<\/p>\n<p>La hora en espa\u00f1ol:<\/p>\n<p><a href=\"http:\/\/e-le.es\/sonsoles\/wp-content\/uploads\/sites\/2\/2014\/09\/reloj-la-hora.jpg\"><img loading=\"lazy\" decoding=\"async\" class=\"aligncenter wp-image-2033 size-full\" src=\"http:\/\/e-le.es\/sonsoles\/wp-content\/uploads\/sites\/2\/2014\/09\/reloj-la-hora.jpg\" alt=\"reloj-la hora\" width=\"500\" height=\"707\" srcset=\"https:\/\/e-le.es\/sonsoles\/wp-content\/uploads\/sites\/2\/2014\/09\/reloj-la-hora.jpg 500w, https:\/\/e-le.es\/sonsoles\/wp-content\/uploads\/sites\/2\/2014\/09\/reloj-la-hora-212x300.jpg 212w\" sizes=\"auto, (max-width: 500px) 100vw, 500px\" \/><\/a><\/p>\n<p>Para practicar la hora:\u00a0https:\/\/www.profedeele.es\/nivel\/a1\/la-hora\/<\/p>\n<p><strong>* Pret\u00e9rito Perfecto<\/strong><\/p>\n<p><a href=\"http:\/\/e-le.es\/sonsoles\/wp-content\/uploads\/sites\/2\/2014\/09\/Infograf\u00eda-pret\u00e9rito-perfecto.jpg\"><img loading=\"lazy\" decoding=\"async\" class=\"aligncenter wp-image-2134\" src=\"http:\/\/e-le.es\/sonsoles\/wp-content\/uploads\/sites\/2\/2014\/09\/Infograf\u00eda-pret\u00e9rito-perfecto-209x300.jpg\" alt=\"Infograf\u00eda pret\u00e9rito perfecto\" width=\"273\" height=\"391\" srcset=\"https:\/\/e-le.es\/sonsoles\/wp-content\/uploads\/sites\/2\/2014\/09\/Infograf\u00eda-pret\u00e9rito-perfecto-209x300.jpg 209w, https:\/\/e-le.es\/sonsoles\/wp-content\/uploads\/sites\/2\/2014\/09\/Infograf\u00eda-pret\u00e9rito-perfecto.jpg 564w\" sizes=\"auto, (max-width: 273px) 100vw, 273px\" \/><\/a><\/p>\n<p>&nbsp;<\/p>\n<p><strong>* De fin de semana en MADRID \ud83d\ude42<\/strong><\/p>\n<p><iframe loading=\"lazy\" title=\"Mi ciudad | Madrid en dos minutos\" width=\"474\" height=\"267\" src=\"https:\/\/www.youtube.com\/embed\/IgC1wuAAam8?feature=oembed\" frameborder=\"0\" allow=\"accelerometer; autoplay; clipboard-write; encrypted-media; gyroscope; picture-in-picture; web-share\" referrerpolicy=\"strict-origin-when-cross-origin\" allowfullscreen><\/iframe><\/p>\n","protected":false},"excerpt":{"rendered":"<p>\u00a1Bienvenidos al mundo del espa\u00f1ol! &nbsp; * Para empezar, los sonidos y el abecedario en espa\u00f1ol: &nbsp; &nbsp; * Los n\u00fameros en espa\u00f1ol: &nbsp; * Saludos y despedidas en espa\u00f1ol: * Famosos del mundo hispano &nbsp; * Vamos a jugar: pa\u00edses de habla hispana &nbsp; * Presentarse en espa\u00f1ol: &nbsp; * Qui\u00e9nes son estos personajes&#8230;\u00a0 &hellip; <a href=\"https:\/\/e-le.es\/sonsoles\/para-empezar-con-el-espanol\/\" class=\"more-link\">Seguir leyendo <span class=\"screen-reader-text\">Para empezar&#8230;<\/span> <span class=\"meta-nav\">&rarr;<\/span><\/a><\/p>\n","protected":false},"author":2,"featured_media":0,"parent":0,"menu_order":0,"comment_status":"open","ping_status":"closed","template":"","meta":{"footnotes":""},"class_list":["post-1737","page","type-page","status-publish","hentry"],"_links":{"self":[{"href":"https:\/\/e-le.es\/sonsoles\/wp-json\/wp\/v2\/pages\/1737","targetHints":{"allow":["GET"]}}],"collection":[{"href":"https:\/\/e-le.es\/sonsoles\/wp-json\/wp\/v2\/pages"}],"about":[{"href":"https:\/\/e-le.es\/sonsoles\/wp-json\/wp\/v2\/types\/page"}],"author":[{"embeddable":true,"href":"https:\/\/e-le.es\/sonsoles\/wp-json\/wp\/v2\/users\/2"}],"replies":[{"embeddable":true,"href":"https:\/\/e-le.es\/sonsoles\/wp-json\/wp\/v2\/comments?post=1737"}],"version-history":[{"count":46,"href":"https:\/\/e-le.es\/sonsoles\/wp-json\/wp\/v2\/pages\/1737\/revisions"}],"predecessor-version":[{"id":2258,"href":"https:\/\/e-le.es\/sonsoles\/wp-json\/wp\/v2\/pages\/1737\/revisions\/2258"}],"wp:attachment":[{"href":"https:\/\/e-le.es\/sonsoles\/wp-json\/wp\/v2\/media?parent=1737"}],"curies":[{"name":"wp","href":"https:\/\/api.w.org\/{rel}","templated":true}]}}