{"id":1535,"date":"2014-03-26T12:11:15","date_gmt":"2014-03-26T10:11:15","guid":{"rendered":"http:\/\/e-le.es\/sonsoles\/?page_id=1535"},"modified":"2014-05-19T14:04:33","modified_gmt":"2014-05-19T14:04:33","slug":"historias-de-vida","status":"publish","type":"page","link":"https:\/\/e-le.es\/sonsoles\/historias-de-vida\/","title":{"rendered":"Historias de vidas"},"content":{"rendered":"<p><a href=\"http:\/\/e-le.es\/sonsoles\/wp-content\/blogs.dir\/18\/files\/2014\/03\/Historias-de-vida.jpg\"><img loading=\"lazy\" decoding=\"async\" class=\"alignnone wp-image-1550 size-full\" src=\"http:\/\/e-le.es\/sonsoles\/wp-content\/uploads\/sites\/2\/2014\/03\/Historias-de-vida.jpg\" alt=\"\" width=\"486\" height=\"443\" srcset=\"https:\/\/e-le.es\/sonsoles\/wp-content\/uploads\/sites\/2\/2014\/03\/Historias-de-vida.jpg 486w, https:\/\/e-le.es\/sonsoles\/wp-content\/uploads\/sites\/2\/2014\/03\/Historias-de-vida-300x273.jpg 300w\" sizes=\"auto, (max-width: 486px) 100vw, 486px\" \/><\/a><\/p>\n<address style=\"text-align: center\">Imagen: <a href=\"http:\/\/ries.universia.net\/index.php\/ries\/article\/view\/67\/ray%C3%B3n%20et%20al\">Revista RIES, vol.2, n\u00b04, Mayo 2011<\/a><\/address>\n<h6 style=\"text-align: center\"><em>Iniciamos una nueva secci\u00f3n dedicada a recopilar BIOGRAF\u00cdAS de personajes de la Historia de Espa\u00f1a que nos parecen interesantes, en unas ocasiones, por su notoria trascendencia, en otras, por el olvido o la marginaci\u00f3n a los que les ha sometido la veleidosa memoria hist\u00f3rica.<\/em><\/h6>\n<p>&nbsp;<\/p>\n","protected":false},"excerpt":{"rendered":"<p>Imagen: Revista RIES, vol.2, n\u00b04, Mayo 2011 Iniciamos una nueva secci\u00f3n dedicada a recopilar BIOGRAF\u00cdAS de personajes de la Historia de Espa\u00f1a que nos parecen interesantes, en unas ocasiones, por su notoria trascendencia, en otras, por el olvido o la marginaci\u00f3n a los que les ha sometido la veleidosa memoria hist\u00f3rica. &nbsp;<\/p>\n","protected":false},"author":23,"featured_media":0,"parent":0,"menu_order":0,"comment_status":"open","ping_status":"open","template":"","meta":{"footnotes":""},"class_list":["post-1535","page","type-page","status-publish","hentry"],"_links":{"self":[{"href":"https:\/\/e-le.es\/sonsoles\/wp-json\/wp\/v2\/pages\/1535","targetHints":{"allow":["GET"]}}],"collection":[{"href":"https:\/\/e-le.es\/sonsoles\/wp-json\/wp\/v2\/pages"}],"about":[{"href":"https:\/\/e-le.es\/sonsoles\/wp-json\/wp\/v2\/types\/page"}],"author":[{"embeddable":true,"href":"https:\/\/e-le.es\/sonsoles\/wp-json\/wp\/v2\/users\/23"}],"replies":[{"embeddable":true,"href":"https:\/\/e-le.es\/sonsoles\/wp-json\/wp\/v2\/comments?post=1535"}],"version-history":[{"count":27,"href":"https:\/\/e-le.es\/sonsoles\/wp-json\/wp\/v2\/pages\/1535\/revisions"}],"predecessor-version":[{"id":1662,"href":"https:\/\/e-le.es\/sonsoles\/wp-json\/wp\/v2\/pages\/1535\/revisions\/1662"}],"wp:attachment":[{"href":"https:\/\/e-le.es\/sonsoles\/wp-json\/wp\/v2\/media?parent=1535"}],"curies":[{"name":"wp","href":"https:\/\/api.w.org\/{rel}","templated":true}]}}