{"id":1180,"date":"2012-03-25T21:55:16","date_gmt":"2012-03-25T19:55:16","guid":{"rendered":"http:\/\/e-le.es\/sonsoles\/?page_id=1180"},"modified":"2014-05-17T09:52:42","modified_gmt":"2014-05-17T09:52:42","slug":"de-cine","status":"publish","type":"page","link":"https:\/\/e-le.es\/sonsoles\/de-cine\/","title":{"rendered":"De cine"},"content":{"rendered":"<p style=\"text-align: center\"><a href=\"http:\/\/e-le.es\/sonsoles\/wp-content\/uploads\/sites\/2\/2012\/03\/dia-del-cine.jpg\"><img loading=\"lazy\" decoding=\"async\" class=\"aligncenter wp-image-1590 \" src=\"http:\/\/e-le.es\/sonsoles\/wp-content\/uploads\/sites\/2\/2012\/03\/dia-del-cine-300x168.jpg\" alt=\"dia-del-cine\" width=\"338\" height=\"190\" srcset=\"https:\/\/e-le.es\/sonsoles\/wp-content\/uploads\/sites\/2\/2012\/03\/dia-del-cine-300x168.jpg 300w, https:\/\/e-le.es\/sonsoles\/wp-content\/uploads\/sites\/2\/2012\/03\/dia-del-cine.jpg 644w\" sizes=\"auto, (max-width: 338px) 100vw, 338px\" \/><\/a><\/p>\n<address style=\"text-align: center\">Foto: <a href=\"http:\/\/www.radioimagina.cl\/\">Radio Imagina\u00a0<\/a><\/address>\n<h5 style=\"text-align: center\">En esta secci\u00f3n insertaremos datos t\u00e9cnicos, informaciones y enlaces relacionados con las pel\u00edculas que analizaremos a lo largo del curso.<\/h5>\n","protected":false},"excerpt":{"rendered":"<p>Foto: Radio Imagina\u00a0 En esta secci\u00f3n insertaremos datos t\u00e9cnicos, informaciones y enlaces relacionados con las pel\u00edculas que analizaremos a lo largo del curso.<\/p>\n","protected":false},"author":23,"featured_media":0,"parent":0,"menu_order":0,"comment_status":"open","ping_status":"open","template":"","meta":{"footnotes":""},"class_list":["post-1180","page","type-page","status-publish","hentry"],"_links":{"self":[{"href":"https:\/\/e-le.es\/sonsoles\/wp-json\/wp\/v2\/pages\/1180","targetHints":{"allow":["GET"]}}],"collection":[{"href":"https:\/\/e-le.es\/sonsoles\/wp-json\/wp\/v2\/pages"}],"about":[{"href":"https:\/\/e-le.es\/sonsoles\/wp-json\/wp\/v2\/types\/page"}],"author":[{"embeddable":true,"href":"https:\/\/e-le.es\/sonsoles\/wp-json\/wp\/v2\/users\/23"}],"replies":[{"embeddable":true,"href":"https:\/\/e-le.es\/sonsoles\/wp-json\/wp\/v2\/comments?post=1180"}],"version-history":[{"count":10,"href":"https:\/\/e-le.es\/sonsoles\/wp-json\/wp\/v2\/pages\/1180\/revisions"}],"predecessor-version":[{"id":1593,"href":"https:\/\/e-le.es\/sonsoles\/wp-json\/wp\/v2\/pages\/1180\/revisions\/1593"}],"wp:attachment":[{"href":"https:\/\/e-le.es\/sonsoles\/wp-json\/wp\/v2\/media?parent=1180"}],"curies":[{"name":"wp","href":"https:\/\/api.w.org\/{rel}","templated":true}]}}